{"id":25567,"date":"2021-08-26T06:02:38","date_gmt":"2021-08-26T06:02:38","guid":{"rendered":"https:\/\/www.altamirahrm.com\/privacy\/"},"modified":"2025-12-17T09:19:57","modified_gmt":"2025-12-17T09:19:57","slug":"privacy","status":"publish","type":"page","link":"https:\/\/www.altamirahrm.com\/it\/privacy","title":{"rendered":"La policy relativa al trattamento dei dati personali"},"content":{"rendered":"\n<p><strong>ALTAMIRA S.R.L.<\/strong>, con sede legale in via G. Marradi 1, 20123 Milano, CF, P. IVA Iscrizione R.I. Di Milano n. 12940250157, in qualit\u00e0 di titolare del trattamento dei dati (in seguito \u201c<strong>Titolare<\/strong>\u201d), Vi informa, ai sensi del Regolamento UE 679\/2016 (\u201c<strong>GDPR<\/strong>\u201d) e della normativa, anche nazionale, in materia di protezione dei dati personali per tempo applicabile (\u201c<strong>Normativa Privacy<\/strong>\u201d), che i Vostri dati saranno trattati con le modalit\u00e0 e per le finalit\u00e0 seguenti:<\/p>\n\n\n\n<h3 class=\"wp-block-heading\">1.Oggetto del trattamento<\/h3>\n\n\n\n<p>Il Titolare tratta i dati personali, identificativi e non sensibili (a titolo esemplificativo ma non esaustivo, nome, cognome, indirizzo, telefono, e-mail, etc. \u2013 in seguito, \u201c<strong>dati personali<\/strong>\u201d o anche \u201c<strong>dati<\/strong>\u201d) da Voi comunicati in occasione della registrazione al sito web <a href=\"\/\/www.altamirahrm.com\/it\" target=\"_blank\" rel=\"noreferrer noopener\">www.altamirahrm.com<\/a> (in seguito, \u201c<strong>Sito<\/strong>\u201d) o al form di richiesta della newsletter del Titolare, dell\u2019ordine e\/o acquisto di prodotti online tramite il Sito, della compilazione e invio di un form di contatto al Titolare o, comunque, di ogni Vostra richiesta al Titolare (es. di Demo, etc).<\/p>\n\n\n\n<h3 class=\"wp-block-heading\">2.Finalit\u00e0 e base giuridica del trattamento<\/h3>\n\n\n\n<p>I Vostri Dati sono trattati, senza il Vostro previo consenso, per le seguenti:<\/p>\n\n\n\n<p><strong>A.<\/strong> Finalit\u00e0 di servizio:<\/p>\n\n\n\n<p><strong>a) l\u2019esecuzione del contratto o l\u2019adempimento di impegni precontrattuali:<\/strong><\/p>\n\n\n\n<ul class=\"wp-block-list\">\n<li>adempiere agli obblighi precontrattuali, contrattuali e fiscali derivanti da rapporti con Voi in essere;<\/li>\n\n\n\n<li>permetterVi la registrazione al Sito;<\/li>\n\n\n\n<li>processare e gestire gli ordini ricevuti e\/o gli acquisti effettuati online;<\/li>\n\n\n\n<li>permetterVi la fruizione della Demo dei prodotti del Titolare e degli ulteriori Servizi eventualmente da Voi richiesti;<\/li>\n\n\n\n<li>processare una richiesta di contatto;<\/li>\n\n\n\n<li>permetterVi la candidatura online e processarLa;<\/li>\n\n\n\n<li>gestire e manutenere il Sito;<\/li>\n\n\n\n<li>adempiere agli obblighi previsti dalla legge, da un regolamento, dalla normativa comunitaria o da un ordine dell\u2019Autorit\u00e0;<\/li>\n\n\n\n<li>prevenire o scoprire attivit\u00e0 fraudolente o abusi dannosi per il Sito;<\/li>\n\n\n\n<li>esercitare i diritti del Titolare, ad esempio il diritto di difesa in giudizio;<\/li>\n\n\n\n<li>prevenire o scoprire attivit\u00e0 fraudolente o abusi dannosi per il Sito.<\/li>\n<\/ul>\n\n\n\n<p><strong>b) il perseguimento di un legittimo interesse del Titolare<\/strong>, in particolare:<\/p>\n\n\n\n<ul class=\"wp-block-list\">\n<li>analizzare i cookie \u2013 come indicato nella Cookie Policy \u2013 derivanti dall\u2019uso che fate del Sito;<\/li>\n\n\n\n<li>prevenire o scoprire attivit\u00e0 fraudolente o abusi dannosi per il Sito;<\/li>\n\n\n\n<li>adempiere agli obblighi previsti dalla legge, da un regolamento, dalla normativa comunitaria o da un ordine dell\u2019Autorit\u00e0;<\/li>\n\n\n\n<li>esercitare i diritti del Titolare, ad esempio il diritto di difesa in giudizio;<\/li>\n\n\n\n<li>inviarVi comunicazioni commerciali relative a servizi e prodotti del Titolare analoghi a quelli di cui avete gi\u00e0 usufruito, se siete gi\u00e0 nostri clienti. Potrete opporvi in ogni momento.<\/li>\n<\/ul>\n\n\n\n<p><strong>B.<\/strong> solo previo Vostro consenso, per Finalit\u00e0 di Marketing:<\/p>\n\n\n\n<ul class=\"wp-block-list\">\n<li>inviarVi via e-mail newsletter, comunicazioni commerciali e\/o materiale pubblicitario su prodotti o servizi del Titolare.<\/li>\n<\/ul>\n\n\n\n<p>Asimismo, le indicamos que si ya es nuestro cliente, podemos enviarle comunicaciones comerciales relacionadas con los Servicios y Productos del Titular similares a los que ya tiene, a menos que usted exprese su desacuerdo (Art\u00edculo 130, C. 4 C\u00f3digo de Privacidad).<\/p>\n\n\n\n<h3 class=\"wp-block-heading\">3.Modalit\u00e0 del trattamento<\/h3>\n\n\n\n<p>Il trattamento dei Vostri Dati \u00e8 effettuato \u2013 con modalit\u00e0 cartacee (archivi) ed elettroniche (sito web e gestionali Salesforce, Zendesk, office 365) \u2013 per mezzo delle operazioni di raccolta, registrazione, aggiornamento, organizzazione, conservazione, consultazione, elaborazione, modificazione, selezione, estrazione, raffronto, utilizzo, interconnessione, blocco, cancellazione e distruzione dei Dati.<\/p>\n\n\n\n<h3 class=\"wp-block-heading\">4.Conservazione dei dati<\/h3>\n\n\n\n<p>Il Titolare tratta i Dati per il tempo necessario per dare riscontro alla tua richiesta e adempiere alle finalit\u00e0 di cui sopra e comunque per non oltre 5 anni dalla raccolta per i dati di contatto e per non oltre 6 mesi dalla raccolta per i dati di navigazione. I dati per finalit\u00e0 di Marketing saranno trattati per non oltre 2 anni dalla loro raccolta.<\/p>\n\n\n\n<h3 class=\"wp-block-heading\">5.Accesso ai dati<\/h3>\n\n\n\n<p>Ai Vostri Dati possono accedere per le finalit\u00e0 di cui sopra:<\/p>\n\n\n\n<ul class=\"wp-block-list\">\n<li>dipendenti e\/o collaboratori del Titolare, nella loro qualit\u00e0 di incaricati del trattamento e\/o responsabili interni del trattamento e\/o amministratori di sistema;<\/li>\n\n\n\n<li>societ\u00e0 terze o altri soggetti (ad esempio, provider sito web, provider servizio e-payment, fornitori, tecnici addetti all\u2019assistenza hardware e software, istituti di credito, studi professionali, etc.) che svolgono attivit\u00e0 in outsourcing per conto del Titolare, nella loro qualit\u00e0 di responsabili esterni del trattamento.<\/li>\n<\/ul>\n\n\n\n<h3 class=\"wp-block-heading\">6.Comunicazione dei dati<\/h3>\n\n\n\n<p>I Vostri Dati possono essere comunicati, anche senza Vostro consenso, per le finalit\u00e0 di cui sopra a organi di controllo, forze dell\u2019ordine o magistratura che li tratteranno, su loro espressa richiesta, in qualit\u00e0 di autonomi titolari del trattamento per finalit\u00e0 istituzionali e\/o in forza di legge nel corso di indagini e controlli. I Vostri Dati possono essere altres\u00ec comunicati a soggetti terzi (ad esempio, partner, liberi professionisti, agenti, etc.), in qualit\u00e0 di autonomi titolari del trattamento, per lo svolgimento di attivit\u00e0 strumentali alle finalit\u00e0 di cui sopra.<\/p>\n\n\n\n<h3 class=\"wp-block-heading\">7.Trasferimento dei dati<\/h3>\n\n\n\n<p>I Dati non sono diffusi n\u00e9 saranno trasferiti in paesi extra UE. La gestione e la conservazione dei dati personali avverr\u00e0 su server ubicati all\u2019interno dell\u2019Unione Europea. Resta in ogni caso inteso che il Titolare, ove si rendesse necessario, avr\u00e0 facolt\u00e0 di spostare l\u2019ubicazione dei server in Italia e\/o Unione Europea e\/o Paesi extra-UE. In tal caso, per assicurare un adeguato livello di protezione dei Dati Personali, il trasferimento dei dati in paesi extra-UE avverr\u00e0 in virt\u00f9 delle decisioni di adeguatezza approvate della Commissione Europea ovvero dell\u2019adozione, da parte del Titolare, delle Clausole Contrattuali Standard predisposte dalla Commissione Europea.<\/p>\n\n\n\n<h3 class=\"wp-block-heading\">8.Conferimento dei Dati<\/h3>\n\n\n\n<p>Il conferimento dei Dati \u00e8 obbligatorio per le Finalit\u00e0 di Servizio. In caso decideste di non conferire i Dati non potremo dare seguito alla Vostra richiesta.<\/p>\n\n\n\n<p>Il conferimento dei Dati per le Finalit\u00e0 di Marketing \u00e8, invece, facoltativo. Potete quindi decidere di non conferire i Dati o di negare successivamente la possibilit\u00e0 di trattare Dati gi\u00e0 forniti: in tal caso, non potrete ricevere comunicazioni commerciali personalizzate su prodotti del Titolare, ma continuerete ad avere diritto di avvalervi dei servizi del Sito.<\/p>\n\n\n\n<h3 class=\"wp-block-heading\">9.Diritti dell\u2019interessato<\/h3>\n\n\n\n<p>Nella Vostra qualit\u00e0 di interessati, il Titolare Vi informa che avete il diritto di:<\/p>\n\n\n\n<ul class=\"wp-block-list\">\n<li>ottenere la conferma dell\u2019esistenza o meno di Vostri Dati Personali, anche se non ancora registrati, e che tali Dati vengano messi a Vostra disposizione in forma intellegibile;<\/li>\n\n\n\n<li>ottenere indicazione e, se del caso, copia: a) dell\u2019origine e della categoria dei Dati Personali; b) della logica applicata in caso di trattamento effettuato con l\u2019ausilio di strumenti elettronici; c) delle finalit\u00e0 e modalit\u00e0 del trattamento; d) degli estremi identificativi del Titolare e dei responsabili; e) dei soggetti o delle categorie di soggetti ai quali i Dati Personali possono essere comunicati o che possono venirne a conoscenza, in particolare se destinatari di paesi terzi o organizzazioni internazionali; e) quando possibile, del periodo di conservazione dei Dati oppure i criteri utilizzati per determinare tale periodo; f) dell\u2019esistenza di un processo decisionale automatizzato e in tal caso delle logiche utilizzate, dell\u2019importanza e delle conseguenze previste per l\u2019interessato; g) dell\u2019esistenza di garanzie adeguate in caso di trasferimento dei Dati a un paese extra-UE o a un\u2019organizzazione internazionale;<\/li>\n\n\n\n<li>ottenere, senza ingiustificato ritardo, l\u2019aggiornamento e la rettifica dei Dati inesatti ovvero, quando vi avete interesse, l\u2019integrazione dei Dati incompleti;<\/li>\n\n\n\n<li>ottenere la cancellazione, la trasformazione in forma anonima o il blocco dei Dati: a) trattati illecitamente; b) non pi\u00f9 necessari in relazione agli scopi per i quali sono stati raccolti o successivamente trattati; c) in caso di revoca del consenso su cui si basa il trattamento e in caso non sussista altro fondamento giuridico, d) qualora Vi siate opposti al trattamento e non sussiste alcun motivo legittimo prevalente per proseguire il trattamento; e) in caso di adempimento di un obbligo legale; f) nel caso di Dati riferiti a minori. Il Titolare pu\u00f2 rifiutare la cancellazione solo nel caso di: a) esercizio del diritto alla libert\u00e0 di espressione e di informazione; b) adempimento di un obbligo legale, esecuzione di un compito svolto nel pubblico interesse o esercizio di pubblici poteri; c) motivi di interesse sanitario pubblico; d) archiviazione nel pubblico interesse, ricerca scientifica o storica o a fini statistici; e) esercizio di un diritto in sede giudiziaria;<\/li>\n\n\n\n<li>ottenere la limitazione del trattamento nel caso di: a) contestazione dell\u2019esattezza dei Dati personali; b) trattamento illecito del Titolare per impedirne la cancellazione; c) esercizio di un tuo diritto in sede giudiziaria; d) verifica dell\u2019eventuale prevalenza dei motivi legittimi del Titolare rispetto a quelli dell\u2019interessato;<\/li>\n\n\n\n<li>ricevere, qualora il trattamento sia effettuato con mezzi automatici, senza impedimenti e in un formato strutturato, di uso comune e leggibile i Dati Personali che Vi riguardano per trasmetterli ad altro titolare o \u2013 se tecnicamente fattibile \u2013 di ottenere la trasmissione diretta da parte del Titolare ad altro titolare;<\/li>\n\n\n\n<li>opporVi, in tutto o in parte: a) per motivi legittimi, al trattamento dei Dati Personali che Vi riguardano, ancorch\u00e9 pertinenti allo scopo della raccolta; b) al trattamento di Dati Personali che ti riguardano a fini di invio di materiale pubblicitario o di vendita diretta o per il compimento di ricerche di mercato o di comunicazione commerciale, mediante l\u2019uso di sistemi automatizzati di chiamata senza l\u2019intervento di un operatore mediante email e\/o mediante modalit\u00e0 di marketing tradizionali mediante telefono e\/o posta cartacea;<\/li>\n\n\n\n<li>proporre reclamo all\u2019Autorit\u00e0 Garante per la Protezione dei Dati Personali.<\/li>\n<\/ul>\n\n\n\n<p>Nei casi di cui sopra, ove necessario, il Titolare porter\u00e0 a conoscenza i soggetti terzi ai quali i Vostri Dati personali sono comunicati dell\u2019eventuale esercizio dei diritti da parte Vostra, ad eccezione di specifici casi (es. quando tale adempimento si riveli impossibile o comporti un impiego di mezzi manifestamente sproporzionato rispetto al diritto tutelato).<\/p>\n\n\n\n<h3 class=\"wp-block-heading\">10.Modalit\u00e0 di esercizio dei diritti<\/h3>\n\n\n\n<p>Potrete in qualsiasi momento esercitare i diritti:<\/p>\n\n\n\n<ul class=\"wp-block-list\">\n<li>inviando una raccomandata a.r. all\u2019indirizzo del Titolare;<\/li>\n\n\n\n<li>inviando una mail a <a href=\"mailto:privacy@altamirahrm.com\">privacy@altamirahrm.com<\/a>;<\/li>\n\n\n\n<li>telefonando al numero <a href=\"tel:+39 02 48 100 463.\">+39 02 48 100 463.<\/a><\/li>\n<\/ul>\n\n\n\n<h3 class=\"wp-block-heading\">11.Modalit\u00e0 di esercizio dei diritti<\/h3>\n\n\n\n<p>Il titolare del trattamento \u00e8:<\/p>\n\n\n\n<ul class=\"wp-block-list\">\n<li><strong>ALTAMIRA S.R.L.<\/strong>, via G. Marradi 1, 20123 Milano.<\/li>\n<\/ul>\n\n\n\n<p>Il responsabile interno del trattamento \u00e8:<\/p>\n\n\n\n<ul class=\"wp-block-list\">\n<li>John Martelli<\/li>\n<\/ul>\n\n\n\n<p>Il Data Protection Officer nominato \u00e8: Irene Pudda<\/p>\n\n\n\n<ul class=\"wp-block-list\">\n<li>Indirizzo email: <a href=\"mailto:irene.pudda@roedl.com\">irene.pudda@roedl.com<\/a><\/li>\n\n\n\n<li>Indirizzo PEC: <a href=\"mailto:rdp.privacy@pec.it\">rdp.privacy@pec.it<\/a><\/li>\n<\/ul>\n\n\n\n<p>L\u2019elenco aggiornato dei responsabili interni ed esterni del trattamento \u00e8 custodito presso la sede del Titolare in Milano, via G. Marradi 1, 20123.<\/p>\n\n\n\n<p>Milano, [21\/05\/2018]<\/p>\n\n\n\n<p><strong>ALTAMIRA S.R.L.<\/strong><\/p>\n","protected":false},"excerpt":{"rendered":"<p>ALTAMIRA S.R.L., con sede legale in via G. Marradi 1, 20123 Milano, CF, P. IVA Iscrizione R.I. Di Milano n. 12940250157, in qualit\u00e0 di titolare del trattamento dei dati (in seguito \u201cTitolare\u201d), Vi informa, ai sensi del Regolamento UE 679\/2016 (\u201cGDPR\u201d) e della normativa, anche nazionale, in materia di protezione dei dati personali per tempo [&hellip;]<\/p>\n","protected":false},"author":1,"featured_media":0,"parent":0,"menu_order":93,"comment_status":"closed","ping_status":"closed","template":"template-simple.php","meta":{"_acf_changed":false,"footnotes":""},"class_list":["post-25567","page","type-page","status-publish","hentry"],"acf":[],"_links":{"self":[{"href":"https:\/\/www.altamirahrm.com\/it\/wp-json\/wp\/v2\/pages\/25567","targetHints":{"allow":["GET"]}}],"collection":[{"href":"https:\/\/www.altamirahrm.com\/it\/wp-json\/wp\/v2\/pages"}],"about":[{"href":"https:\/\/www.altamirahrm.com\/it\/wp-json\/wp\/v2\/types\/page"}],"author":[{"embeddable":true,"href":"https:\/\/www.altamirahrm.com\/it\/wp-json\/wp\/v2\/users\/1"}],"replies":[{"embeddable":true,"href":"https:\/\/www.altamirahrm.com\/it\/wp-json\/wp\/v2\/comments?post=25567"}],"version-history":[{"count":0,"href":"https:\/\/www.altamirahrm.com\/it\/wp-json\/wp\/v2\/pages\/25567\/revisions"}],"wp:attachment":[{"href":"https:\/\/www.altamirahrm.com\/it\/wp-json\/wp\/v2\/media?parent=25567"}],"curies":[{"name":"wp","href":"https:\/\/api.w.org\/{rel}","templated":true}]}}