{"id":25570,"date":"2021-08-19T06:07:12","date_gmt":"2021-08-19T06:07:12","guid":{"rendered":"https:\/\/www.altamirahrm.com\/clienti\/calzedonia\/"},"modified":"2025-12-02T08:34:16","modified_gmt":"2025-12-02T08:34:16","slug":"calzedonia","status":"publish","type":"page","link":"https:\/\/www.altamirahrm.com\/it\/clienti\/calzedonia","title":{"rendered":"Calzedonia"},"content":{"rendered":"\n<div id=\"sk-block-block_2d803f6c3d30a503f0370bc586e185b2\" class=\"wp-block-sk-review\">\n    <div class=\"wp-block-sk-review__wrapper\">\n        <div class=\"wp-block-sk-review__avatar\">\n                            \n    <div class=\"wp-block-sk-review__media\">\n        <img class=\"sk-media__image covered\" loading=\"lazy\" decoding=\"async\" src=\"https:\/\/www.altamirahrm.com\/wp-content\/uploads\/2025\/11\/manager4.png\" alt=\"manager4\" \/>\n    <\/div>                    <\/div>\n        <div class=\"wp-block-sk-review__data\">\n            <div class=\"wp-block-sk-review__text\">\n                \u201cAltamira Recruiting \u00e8 una piattaforma di recruiting facile e veloce ma al contempo altamente personalizzabile ed adattabile. \u00c8 una piattaforma ricca di strumenti efficaci, con career site e back office in tante lingue e un servizio clienti eccellente. Non corriamo pi\u00f9 il rischio di contattare pi\u00f9 volte i candidati o omettere di tenerli aggiornati sul processo di selezione. In sintesi, insostituibile.\u201d\r\n            <\/div>\n            <div class=\"wp-block-sk-review__author\">\n                <span class=\"wp-block-sk-review__author-name\">\n                    Pietro Torresan                <\/span>\n                <span class=\"wp-block-sk-review__author-role\">\n                    HR Manager                <\/span>\n            <\/div>\n        <\/div>\n    <\/div>\n<\/div>\n\n\n\n<p>Calzedonia \u00e8 nata in Italia nel 1986 a Vallese di Oppeano (VR), con l\u2019intenzione di creare un business nella vendita di calze e costumi da bagno da donna, uomo, bambino. A distanza di poco pi\u00f9 di vent\u2019anni la rete Calzedonia pu\u00f2 vantare pi\u00f9 di 1400 negozi sparsi nel mondo: Italia, Austria, Cipro, Croazia, Grecia, Ungheria, Spagna, Libano, Messico, Polonia, Portogallo, Federazione Russa, Serbia, Slovenia, Turchia, Francia, Macedonia, Montenegro, UK, Repubblica Ceca, Repubblica Slovacca. Il successo di Calzedonia \u00e8 da attribuire a una pluralit\u00e0 di fattori: i prodotti offerti che si distinguono per il vasto assortimento della gamma, l\u2019estrema attenzione data al fattore moda, l\u2019inimitabile rapporto qualit\u00e0-prezzo. Da fine dicembre 2023 il gruppo Calzedonia \u00e8 diventato Oniverse.<\/p>\n\n\n\n<h2 class=\"wp-block-heading\">La Sfida<\/h2>\n\n\n\n<p>Nel 2004, nel pieno dell\u2019espansione di Calzedonia (che continua ancora oggi), ci rendemmo conto che per gestire in modo efficace il crescente volume di curricula che stavamo ricevendo avremmo dovuto dotarci di uno strumento informatico pratico, professionale e in linea con le nostre esigenze di azienda retail. Provammo a sondare possibili fornitori sul mercato ma nessuna proposta riusciva a soddisfarci, alla fine conoscemmo Altamira e si rivel\u00f2 la piattaforma pi\u00f9 completa, semplice da utilizzare e ad un costo veramente competitivo.<\/p>\n\n\n\n<h2 class=\"wp-block-heading\">La Soluzione<\/h2>\n\n\n\n<p>Altamira Recruiting ci ha permesso di eliminare le email e la carta ed \u00e8 stato cos\u00ec pi\u00f9 semplice focalizzarci sulla selezione dei candidati. Con un career site professionale e una migliore comunicazione con i candidati abbiamo migliorato l\u2019employer branding e ridotto i tempi di selezione. Abbiamo esteso l\u2019uso di Altamira Recruiting a tutti i paesi in cui opera Calzedonia, omogeneizzando il processo di selezione e dando anche ai colleghi recruiter esteri gli strumenti di cui hanno bisogno.<\/p>\n\n\n\n<p><\/p>\n","protected":false},"excerpt":{"rendered":"<p>Calzedonia \u00e8 nata in Italia nel 1986 a Vallese di Oppeano (VR), con l\u2019intenzione di creare un business nella vendita di calze e costumi da bagno da donna, uomo, bambino. A distanza di poco pi\u00f9 di vent\u2019anni la rete Calzedonia pu\u00f2 vantare pi\u00f9 di 1400 negozi sparsi nel mondo: Italia, Austria, Cipro, Croazia, Grecia, Ungheria, [&hellip;]<\/p>\n","protected":false},"author":1,"featured_media":0,"parent":25547,"menu_order":63,"comment_status":"closed","ping_status":"closed","template":"template-case-studies-child.php","meta":{"_acf_changed":false,"footnotes":""},"class_list":["post-25570","page","type-page","status-publish","hentry"],"acf":[],"_links":{"self":[{"href":"https:\/\/www.altamirahrm.com\/it\/wp-json\/wp\/v2\/pages\/25570","targetHints":{"allow":["GET"]}}],"collection":[{"href":"https:\/\/www.altamirahrm.com\/it\/wp-json\/wp\/v2\/pages"}],"about":[{"href":"https:\/\/www.altamirahrm.com\/it\/wp-json\/wp\/v2\/types\/page"}],"author":[{"embeddable":true,"href":"https:\/\/www.altamirahrm.com\/it\/wp-json\/wp\/v2\/users\/1"}],"replies":[{"embeddable":true,"href":"https:\/\/www.altamirahrm.com\/it\/wp-json\/wp\/v2\/comments?post=25570"}],"version-history":[{"count":0,"href":"https:\/\/www.altamirahrm.com\/it\/wp-json\/wp\/v2\/pages\/25570\/revisions"}],"up":[{"embeddable":true,"href":"https:\/\/www.altamirahrm.com\/it\/wp-json\/wp\/v2\/pages\/25547"}],"wp:attachment":[{"href":"https:\/\/www.altamirahrm.com\/it\/wp-json\/wp\/v2\/media?parent=25570"}],"curies":[{"name":"wp","href":"https:\/\/api.w.org\/{rel}","templated":true}]}}