{"id":25605,"date":"2021-08-19T11:18:19","date_gmt":"2021-08-19T11:18:19","guid":{"rendered":"https:\/\/www.altamirahrm.com\/clienti\/hotel-principe-di-savoia\/"},"modified":"2025-12-02T08:31:08","modified_gmt":"2025-12-02T08:31:08","slug":"hotel-principe-di-savoia","status":"publish","type":"page","link":"https:\/\/www.altamirahrm.com\/it\/clienti\/hotel-principe-di-savoia","title":{"rendered":"Hotel Principe di Savoia"},"content":{"rendered":"\n<div id=\"sk-block-block_b437cf5a2207d6701198b930e82181f9\" class=\"wp-block-sk-review\">\n    <div class=\"wp-block-sk-review__wrapper\">\n        <div class=\"wp-block-sk-review__avatar\">\n                    <\/div>\n        <div class=\"wp-block-sk-review__data\">\n            <div class=\"wp-block-sk-review__text\">\n                \u201cGrazie ad Altamira Recruiting abbiamo impostato la sezione \u2018Lavora con noi\u2019 con la grafica che volevamo e abbiamo potuto velocizzare e condividere meglio il lavoro relativo alla selezione del personale.\u201d            <\/div>\n            <div class=\"wp-block-sk-review__author\">\n                <span class=\"wp-block-sk-review__author-name\">\n                    Luca Mariani                <\/span>\n                <span class=\"wp-block-sk-review__author-role\">\n                    Ufficio HR                <\/span>\n            <\/div>\n        <\/div>\n    <\/div>\n<\/div>\n\n\n\n<p>Affacciato sulla centralissima Piazza della Repubblica, l\u2019Hotel Principe di Savoia \u00e8 un 5 stelle lusso dimora di viaggiatori internazionali sin dagli anni \u201920. Questo hotel, icona del lusso, esprime una vocazione per l\u2019eccellenza e l\u2019innovazione, dedita a valorizzare la propria individualit\u00e0 e la propria tradizione. \u00c8 facilmente raggiungibile da ogni punto della citt\u00e0, a poca distanza dalle pi\u00f9 importanti attrazioni turistiche e vie dello shopping. L\u2019hotel offre 301 fra camere e suite elegantemente arredate, uno Spa Club e ben 11 sale attrezzate per eventi aziendali e i servizi necessari per organizzare matrimoni nel cuore della citt\u00e0. Nel 2003 la Dorchester Collection, controllata da The Brunei Investment Agency \u00e8 diventata proprietaria dell\u2019albergo.<\/p>\n\n\n\n<h2 class=\"wp-block-heading\">La Sfida<\/h2>\n\n\n\n<p>Nel 2007 la divisione Risorse Umane dell\u2019Hotel doveva razionalizzare la sua attivit\u00e0 di recruiting, impostando una sezione \u201cLavora con noi\u201d che fosse perfettamente in linea con le esigenze di qualit\u00e0 grafica dell\u2019omonima sezione sul proprio sito, in abbinamento ad una piattaforma gestionale che consentisse di velocizzare e di rendere pi\u00f9 semplice il processo di selezione.<\/p>\n\n\n\n<h2 class=\"wp-block-heading\">La Soluzione<\/h2>\n\n\n\n<p>Altamira ha impostato la sezione \u201cLavora con noi\u201d seguendo esattamente le impostazioni grafiche richieste. La sua piattaforma di back office ha consentito di razionalizzare il processo di selezione impostando progetti di ricerca elettronici che seguono esattamente l\u2019approccio cartaceo precedente con una serie di vantaggi offerti dall\u2019informatica: memorizzazione del lavoro compiuto, condivisione delle informazioni all\u2019interno dell\u2019ufficio Risorse Umane ma anche con i manager dell\u2019albergo e una migliore e pi\u00f9 efficiente comunicazione con i candidati.<\/p>\n","protected":false},"excerpt":{"rendered":"<p>Affacciato sulla centralissima Piazza della Repubblica, l\u2019Hotel Principe di Savoia \u00e8 un 5 stelle lusso dimora di viaggiatori internazionali sin dagli anni \u201920. Questo hotel, icona del lusso, esprime una vocazione per l\u2019eccellenza e l\u2019innovazione, dedita a valorizzare la propria individualit\u00e0 e la propria tradizione. \u00c8 facilmente raggiungibile da ogni punto della citt\u00e0, a poca [&hellip;]<\/p>\n","protected":false},"author":1,"featured_media":0,"parent":25547,"menu_order":68,"comment_status":"closed","ping_status":"closed","template":"template-case-studies-child.php","meta":{"_acf_changed":false,"footnotes":""},"class_list":["post-25605","page","type-page","status-publish","hentry"],"acf":[],"_links":{"self":[{"href":"https:\/\/www.altamirahrm.com\/it\/wp-json\/wp\/v2\/pages\/25605","targetHints":{"allow":["GET"]}}],"collection":[{"href":"https:\/\/www.altamirahrm.com\/it\/wp-json\/wp\/v2\/pages"}],"about":[{"href":"https:\/\/www.altamirahrm.com\/it\/wp-json\/wp\/v2\/types\/page"}],"author":[{"embeddable":true,"href":"https:\/\/www.altamirahrm.com\/it\/wp-json\/wp\/v2\/users\/1"}],"replies":[{"embeddable":true,"href":"https:\/\/www.altamirahrm.com\/it\/wp-json\/wp\/v2\/comments?post=25605"}],"version-history":[{"count":0,"href":"https:\/\/www.altamirahrm.com\/it\/wp-json\/wp\/v2\/pages\/25605\/revisions"}],"up":[{"embeddable":true,"href":"https:\/\/www.altamirahrm.com\/it\/wp-json\/wp\/v2\/pages\/25547"}],"wp:attachment":[{"href":"https:\/\/www.altamirahrm.com\/it\/wp-json\/wp\/v2\/media?parent=25605"}],"curies":[{"name":"wp","href":"https:\/\/api.w.org\/{rel}","templated":true}]}}