{"id":25622,"date":"2021-08-19T13:01:16","date_gmt":"2021-08-19T13:01:16","guid":{"rendered":"https:\/\/www.altamirahrm.com\/clienti\/human-value\/"},"modified":"2025-12-02T08:34:10","modified_gmt":"2025-12-02T08:34:10","slug":"human-value","status":"publish","type":"page","link":"https:\/\/www.altamirahrm.com\/it\/clienti\/human-value","title":{"rendered":"Human Value"},"content":{"rendered":"\n<div id=\"sk-block-block_31eec7027d9d327017ebf51929c38c99\" class=\"wp-block-sk-review\">\n    <div class=\"wp-block-sk-review__wrapper\">\n        <div class=\"wp-block-sk-review__avatar\">\n                            \n    <div class=\"wp-block-sk-review__media\">\n        <img class=\"sk-media__image covered\" loading=\"lazy\" decoding=\"async\" src=\"https:\/\/www.altamirahrm.com\/wp-content\/uploads\/2025\/11\/mistri.png\" alt=\"mistri\" \/>\n    <\/div>                    <\/div>\n        <div class=\"wp-block-sk-review__data\">\n            <div class=\"wp-block-sk-review__text\">\n                &#8220;Altamira \u00e8 il nostro partner tecnologico dalla nascita di Human Value \u2013 Support. Dopo pi\u00f9 di dieci anni di partnership posso affermare che si \u00e8 trattato di una scelta eccellente da parte nostra.\u201d            <\/div>\n            <div class=\"wp-block-sk-review__author\">\n                <span class=\"wp-block-sk-review__author-name\">\n                    Domenico Mistri                <\/span>\n                <span class=\"wp-block-sk-review__author-role\">\n                    Chief Executive Officer                <\/span>\n            <\/div>\n        <\/div>\n    <\/div>\n<\/div>\n\n\n\n<p>Human Value \u00e8 una societ\u00e0 di consulenza formata da 12 partner e oltre 40 collaboratori con sedi a Milano, Roma, Bologna e Bergamo. La societ\u00e0 \u00e8 membro del network CFG Global Executive Search e TMP Worldwide. Oltre alla sua primaria attivit\u00e0 di Search &amp; Selection, Human Value fornisce consulenza nell\u2019ambito delle HR Comunication, HR Consulting e HR Finance. Ad oggi, Human Value \u00e8 una delle prime tre societ\u00e0 di ricerca e selezione italiane.<\/p>\n\n\n\n<h2 class=\"wp-block-heading\">La Sfida<\/h2>\n\n\n\n<p>La relazione con Altamira \u00e8 contestuale allo sviluppo della Business Unit Human Value (Search &amp; Selection) nei primi anni 2000. L\u2019obiettivo del management di Human Value, quando ha scelto Altamira come partner tecnologico, ruotava intorno a quattro esigenze di pari importanza: una piattaforma stabile e sicura con un Service Level Agreement superiore al 99%, una piattaforma in grado di crescere con la societ\u00e0 che ad oggi possiede uno dei maggiori database di CV in Italia, una applicazione semplice e intuitiva e infine una piattaforma in grado di adattarsi alle esigenze di una societ\u00e0 di selezione tecnologicamente avanzata come Human Value.<\/p>\n\n\n\n<h2 class=\"wp-block-heading\">La Soluzione<\/h2>\n\n\n\n<p>L\u2019implementazione di Altamira Recruiting ha centrato tutti gli obiettivi: in particolare lo SLA garantito da Altamira nel corso del rapporto \u00e8 stato superiore all\u2019obiettivo superando il 99,9%, la piattaforma gestisce con dei tempi di risposta veloci un database di grandi dimensioni, infine, la piattaforma \u00e8 riuscita con la sua crescita funzionale costante a soddisfare o anticipare le esigenze sofisticate dei professionisti della selezione di Human Value mantenendo una semplicit\u00e0 d\u2019uso invidiabile.<\/p>\n","protected":false},"excerpt":{"rendered":"<p>Human Value \u00e8 una societ\u00e0 di consulenza formata da 12 partner e oltre 40 collaboratori con sedi a Milano, Roma, Bologna e Bergamo. La societ\u00e0 \u00e8 membro del network CFG Global Executive Search e TMP Worldwide. Oltre alla sua primaria attivit\u00e0 di Search &amp; Selection, Human Value fornisce consulenza nell\u2019ambito delle HR Comunication, HR Consulting [&hellip;]<\/p>\n","protected":false},"author":1,"featured_media":0,"parent":25547,"menu_order":60,"comment_status":"closed","ping_status":"closed","template":"template-case-studies-child.php","meta":{"_acf_changed":false,"footnotes":""},"class_list":["post-25622","page","type-page","status-publish","hentry"],"acf":[],"_links":{"self":[{"href":"https:\/\/www.altamirahrm.com\/it\/wp-json\/wp\/v2\/pages\/25622","targetHints":{"allow":["GET"]}}],"collection":[{"href":"https:\/\/www.altamirahrm.com\/it\/wp-json\/wp\/v2\/pages"}],"about":[{"href":"https:\/\/www.altamirahrm.com\/it\/wp-json\/wp\/v2\/types\/page"}],"author":[{"embeddable":true,"href":"https:\/\/www.altamirahrm.com\/it\/wp-json\/wp\/v2\/users\/1"}],"replies":[{"embeddable":true,"href":"https:\/\/www.altamirahrm.com\/it\/wp-json\/wp\/v2\/comments?post=25622"}],"version-history":[{"count":0,"href":"https:\/\/www.altamirahrm.com\/it\/wp-json\/wp\/v2\/pages\/25622\/revisions"}],"up":[{"embeddable":true,"href":"https:\/\/www.altamirahrm.com\/it\/wp-json\/wp\/v2\/pages\/25547"}],"wp:attachment":[{"href":"https:\/\/www.altamirahrm.com\/it\/wp-json\/wp\/v2\/media?parent=25622"}],"curies":[{"name":"wp","href":"https:\/\/api.w.org\/{rel}","templated":true}]}}