{"id":25637,"date":"2021-08-19T12:19:15","date_gmt":"2021-08-19T12:19:15","guid":{"rendered":"https:\/\/www.altamirahrm.com\/clienti\/keystone\/"},"modified":"2025-12-02T08:34:29","modified_gmt":"2025-12-02T08:34:29","slug":"keystone","status":"publish","type":"page","link":"https:\/\/www.altamirahrm.com\/it\/clienti\/keystone","title":{"rendered":"Keystone"},"content":{"rendered":"\n<div id=\"sk-block-block_554d554bfa04d6ebd1adc729fc349f76\" class=\"wp-block-sk-review\">\n    <div class=\"wp-block-sk-review__wrapper\">\n        <div class=\"wp-block-sk-review__avatar\">\n                            \n    <div class=\"wp-block-sk-review__media\">\n        <img class=\"sk-media__image covered\" loading=\"lazy\" decoding=\"async\" src=\"https:\/\/www.altamirahrm.com\/wp-content\/uploads\/2025\/11\/Sandro-Sereni.png\" alt=\"Sandro Sereni\" \/>\n    <\/div>                    <\/div>\n        <div class=\"wp-block-sk-review__data\">\n            <div class=\"wp-block-sk-review__text\">\n                \u201cAltamira Recruiting ha risolto un problema per noi molto significativo: la gestione del database dei candidati, il motore di ricerca dei curricula e la comunicazione con i nostri clienti e candidati sono ora su una piattaforma semplice ed estremamente stabile.\u201d            <\/div>\n            <div class=\"wp-block-sk-review__author\">\n                <span class=\"wp-block-sk-review__author-name\">\n                    Sandro Sereni                <\/span>\n                <span class=\"wp-block-sk-review__author-role\">\n                    Partner Fondatore                <\/span>\n            <\/div>\n        <\/div>\n    <\/div>\n<\/div>\n\n\n\n<p>Keystone \u00e8 una societ\u00e0 di executive search nata a Milano nel 2012 per volont\u00e0 di un gruppo di professionisti con una notevole esperienza di management e di consulenza. Lo studio si propone di impostare e mantenere relazioni di lungo termine con i propri clienti e con i candidati. Come dicono i partner fondatori Sandro Sereni e Domenico Fabri: \u201cquesto sappiamo fare, e questo vogliamo proporre con il lavoro di Keystone\u201d.<\/p>\n\n\n\n<h2 class=\"wp-block-heading\">La Sfida<\/h2>\n\n\n\n<p>Keystone ha iniziato ad operare con una piattaforma concorrente di Altamira che non riusciva a soddisfare le necessit\u00e0 operative dello studio: troppe rigidit\u00e0 e alcuni malfunzionamenti significativi. Con Altamira Recruiting, il management di Keystone si poneva l\u2019obiettivo di disporre di uno strumento stabile, completo, semplice da usare e che consentisse di adattarsi sia al workflow aziendale sia ad una migliore comunicazione con i candidati e con i clienti.<\/p>\n\n\n\n<h2 class=\"wp-block-heading\">La Soluzione<\/h2>\n\n\n\n<p>L\u2019impostazione di Altamira Recruiting nella versione Consulting ha permesso di adattare la piattaforma al processo di lavoro di Keystone (e non il contrario), migliorando l\u2019efficienza e i tempi di lavoro da un lato e la comunicazione con i clienti e i candidati dall\u2019altro. La velocit\u00e0 di ricerca, le semplicit\u00e0 e immediatezza della piattaforma abbinati al continuo rilascio di nuove caratteristiche rappresentano un chiaro ritorno sull\u2019investimento per Keystone.<\/p>\n","protected":false},"excerpt":{"rendered":"<p>Keystone \u00e8 una societ\u00e0 di executive search nata a Milano nel 2012 per volont\u00e0 di un gruppo di professionisti con una notevole esperienza di management e di consulenza. Lo studio si propone di impostare e mantenere relazioni di lungo termine con i propri clienti e con i candidati. Come dicono i partner fondatori Sandro Sereni [&hellip;]<\/p>\n","protected":false},"author":1,"featured_media":0,"parent":25547,"menu_order":64,"comment_status":"closed","ping_status":"closed","template":"template-case-studies-child.php","meta":{"_acf_changed":false,"footnotes":""},"class_list":["post-25637","page","type-page","status-publish","hentry"],"acf":[],"_links":{"self":[{"href":"https:\/\/www.altamirahrm.com\/it\/wp-json\/wp\/v2\/pages\/25637","targetHints":{"allow":["GET"]}}],"collection":[{"href":"https:\/\/www.altamirahrm.com\/it\/wp-json\/wp\/v2\/pages"}],"about":[{"href":"https:\/\/www.altamirahrm.com\/it\/wp-json\/wp\/v2\/types\/page"}],"author":[{"embeddable":true,"href":"https:\/\/www.altamirahrm.com\/it\/wp-json\/wp\/v2\/users\/1"}],"replies":[{"embeddable":true,"href":"https:\/\/www.altamirahrm.com\/it\/wp-json\/wp\/v2\/comments?post=25637"}],"version-history":[{"count":0,"href":"https:\/\/www.altamirahrm.com\/it\/wp-json\/wp\/v2\/pages\/25637\/revisions"}],"up":[{"embeddable":true,"href":"https:\/\/www.altamirahrm.com\/it\/wp-json\/wp\/v2\/pages\/25547"}],"wp:attachment":[{"href":"https:\/\/www.altamirahrm.com\/it\/wp-json\/wp\/v2\/media?parent=25637"}],"curies":[{"name":"wp","href":"https:\/\/api.w.org\/{rel}","templated":true}]}}