{"id":56694,"date":"2023-07-10T14:50:46","date_gmt":"2023-07-10T14:50:46","guid":{"rendered":"https:\/\/growme.it\/altamira\/software\/expense-management-software"},"modified":"2026-03-24T16:13:08","modified_gmt":"2026-03-24T16:13:08","slug":"software-gestione-note-spese","status":"publish","type":"page","link":"https:\/\/www.altamirahrm.com\/it\/software\/software-gestione-note-spese","title":{"rendered":"Software per la gestione delle note spese \u2013 APP \u2013 prova Altamira"},"content":{"rendered":"<div class=\"common-banner recruiters-banner\" style=\"background-image: url('\/\/www.altamirahrm.com\/wp-content\/uploads\/2023\/06\/Banner_Note_Spese.jpg');\">\n<div class=\"container\">\n<div class=\"topContent\">\n<h2 class=\"page-title\">Altamira Note Spese<\/h2>\n<h1 class=\"md-title\">Il software in cloud che facilita la gestione delle note spese e migliora l&#8217;esperienza dei dipendenti<\/h1>\n<div class=\"request-demo-btn-new\">[content_block id=53160]<\/div>\n<\/div>\n<\/div>\n<\/div>\n<div class=\"software-banner-mobile\"><img decoding=\"async\" src=\"\/\/www.altamirahrm.com\/wp-content\/uploads\/2023\/06\/Banner_Note_Spese.jpg\" alt=\"banner per altamira note spese\" \/><\/div>\n<p><!-- BANNER END --><br \/><!-----------------------------Middle Section----------------------------><\/p>\n<div class=\"tryDemoSection\">\n<div class=\"employe-details-fullwidth\">\n<div class=\"container\">\n<div class=\"row altamirah-employees-details\">\n<div class=\"col-xs-12 col-sm-7 altamirah-employees-user\">\n<h2 class=\"sm-title cap\">Perch\u00e9 scegliere Altamira Note Spese<\/h2>\n<p>\u201cAltamira Note Spese \u00e8 un software in cloud nato per semplificare e velocizzare un processo tipicamente noioso, lento e impegnativo. Grazie alla app nativa, \u00e8 un\u2019ottima soluzione per le aziende che vogliono assicurare ai propri dipendenti un\u2019interazione piacevole con i processi aziendali, anche i pi\u00f9 burocratici.\u201d<\/p>\n<div class=\"userDiv\">\n<div><img loading=\"lazy\" decoding=\"async\" src=\"\/\/www.altamirahrm.com\/wp-content\/uploads\/2021\/08\/john_m.png\" alt=\"John Martelli foto\" width=\"80\" height=\"80\" \/><\/div>\n<div class=\"user-name\"><strong class=\"sm-title\">John Martelli,<\/strong> Amministratore Delegato di Altamira<\/div>\n<\/div>\n<\/div>\n<div class=\"col-xs-12 col-sm-5 employeest_demoFormouter\">\n<div class=\"employeestAction\">\n<ul>\n<li class=\"hight-light-bg orange-color\">\n<div class=\"icon-div\"><img loading=\"lazy\" decoding=\"async\" src=\"https:\/\/www.altamirahrm.com\/wp-content\/uploads\/2023\/06\/altamira-notespese-icon.png\" width=\"30\" height=\"31\" \/><\/div>\n<p><a title=\"Altamira note spese\" href=\"https:\/\/www.altamirahrm.com\/it\/software\/software-gestione-note-spese\">Altamira Note Spese<\/a><\/p>\n<\/li>\n<li>\n<div class=\"icon-div\"><img decoding=\"async\" src=\"\/\/www.altamirahrm.com\/wp-content\/uploads\/2021\/10\/app_presenze_altamira.png\" alt=\"app nota spese\" \/><\/div>\n<p><a title=\"App note spese\" href=\"https:\/\/www.altamirahrm.com\/it\/software\/software-gestione-note-spese\/app-nota-spese\">App nota spese<br \/><\/a><\/p>\n<\/li>\n<\/ul>\n<\/div>\n<\/div>\n<\/div>\n<\/div>\n<\/div>\n<p><!-----------------------------caratteristiche--------------------------------><\/p>\n<div class=\"caratteristiche\">\n<div class=\"container\">\n<div class=\"row\">\n<div class=\"col-xs-12 col-sm-6 left-mac-image-section\">\n<div class=\"inner_content2\">\n<div class=\"image_col\"><img decoding=\"async\" src=\"https:\/\/www.altamirahrm.com\/wp-content\/uploads\/2023\/07\/Note_spese_collage02.png\" alt=\"Altamira Note Spese\" \/><\/div>\n<\/div>\n<\/div>\n<div class=\"col-xs-12 col-sm-6 right-mac-text-section\">\n<div class=\"inner_content2 right_sect\">\n<h4>Crea una nota spese in pochi secondi<\/h4>\n<p class=\"content-text\">Semplifica il processo di creazione delle note spese aziendali per i tuoi dipendenti. Grazie all\u2019interfaccia intuitiva, all\u2019applicazione automatica delle policy aziendali e ai vantaggi dei software in cloud il processo di richiesta di rimborso spese \u00e8 rapido e indolore. Un risparmio di tempo prezioso che potranno dedicare alle loro attivit\u00e0.<\/p>\n<\/div>\n<div class=\"inner_content2 right_sect2\">\n<h4>Riduci errori e tempi di rimborso<\/h4>\n<p class=\"content-text\">Gestire le note spese con un software in cloud come Altamira vuol dire anche ridurre gli errori e i tempi di rimborso. I calcoli vengono infatti eseguiti in automatico dalla piattaforma, tenendo conto delle policy aziendali sui rimborsi. Le note spese vengono inviate immediatamente in approvazione e, una volta approvate, comunicate al software paghe per l\u2019aggiornamento dei cedolini.<\/p>\n<\/div>\n<\/div>\n<\/div>\n<\/div>\n<\/div>\n<p><!-----------------------------caratteristiche end----------------------------><\/p>\n<p><!----------------------------DOWNLOAD NOW----------------------------><\/p>\n<div class=\"DOWNLOAD_NOW\">\n<div class=\"inner_content brochureimg\"><a title=\"brochure\" href=\"#cb476ae14d\" target=\"_blank\" rel=\"noopener noreferrer\"><img decoding=\"async\" src=\"https:\/\/www.altamirahrm.com\/wp-content\/uploads\/2023\/06\/Cover-brochure-note-spese.jpg\" alt=\"Altamira Note Spese brochure\" \/><\/a><\/div>\n<div class=\"container\">\n<div class=\"row\">\n<div class=\"col-xs-12 col-sm-8 download-title-button-section\">\n<div class=\"inner_content\">\n<h2 class=\"lg-title\">Scopri di pi\u00f9 su <br \/>Altamira Note Spese<\/h2>\n<p><a class=\"common-btn download_now_link\" title=\"brochure\" href=\"#cb476ae14d\" target=\"_blank\" rel=\"noopener noreferrer\">Scarica la brochure<\/a><\/p>\n<\/div>\n<\/div>\n<\/div>\n<\/div>\n<\/div>\n<p><!----------------------------DOWNLOAD NOW end----------------------------><br \/><!-- Altamira Video --><\/p>\n<div class=\"video-section\">\n<div class=\"container\">\n<div class=\"row\">\n<div class=\"col-sm-8 col-md-8 col-lg-8 altamira-video-poster\">\n<div class=\"altamira-video\">\n<h3 class=\"sm-title text-center\">La nostra soluzione per i rimborsi in 30 secondi<\/h3>\n<div class=\"altamiraHome-video\"><iframe loading=\"lazy\" title=\"YouTube video player\" src=\"https:\/\/www.youtube.com\/embed\/3B57YvXdshk?si=1PNO3cAP3iOCb_R8\" width=\"560\" height=\"315\" frameborder=\"0\" allowfullscreen=\"allowfullscreen\" data-mce-fragment=\"1\"><\/iframe><\/div>\n<\/div>\n<\/div>\n<div class=\"col-sm-4 col-md-4 col-lg-4 d-flex align-items-center altamira-video-text\">\n<div class=\"inner-altamira-video-text\">\n<h2 class=\"lg-title\">Presentazione Altamira Note Spese<\/h2>\n<p>Scopri i vantaggi del nostro software e della nostra app per la gestione delle note spese.<\/p>\n<p><a class=\"blue-btn\" title=\"Richiedi una demo\" href=\"https:\/\/www.altamirahrm.com\/it\/demo-gratuita-altamira\">Richiedi una demo<\/a><\/p>\n<\/div>\n<\/div>\n<\/div>\n<\/div>\n<\/div>\n<p><!-- Altamira Video Ends--><br \/><!-----------------------------caratteristiche--------------------------------><\/p>\n<div class=\"caratteristiche advantage-management\">\n<div class=\"container\">\n<h2 class=\"lg-title text-center\">I vantaggi del nostro software di gestione note spese<\/h2>\n<div class=\"row\">\n<div class=\"col-xs-12 col-sm-6 left-mac-image-section d-flex align-items-center\">\n<div class=\"inner_content2\">\n<div class=\"image_col\"><img decoding=\"async\" src=\"https:\/\/www.altamirahrm.com\/wp-content\/uploads\/2023\/07\/Note_spese_collage01.png\" alt=\"Altamira Note Spese\" \/><\/div>\n<\/div>\n<\/div>\n<div class=\"col-xs-12 col-sm-6 right-mac-text-section\">\n<div class=\"inner_content2 right_sect\">\n<h4>Metti ordine nella gestione delle note spese aziendali<\/h4>\n<p class=\"content-text\">Altamira Note Spese mette ordine nella gestione dei rimborsi delle spese di trasferta. I moduli compilati e i giustificativi allegati vengono archiviati in formato digitale sulla piattaforma, in perfetto ordine per poter essere recuperati anche a distanza di tempo. Filtri e opzioni di ricerca permettono di trovare le informazioni che servono e il cruscotto personale riassume la situazione per ogni dipendente.<\/p>\n<\/div>\n<div class=\"inner_content2 right_sect2\">\n<h4>Fai tutto da smartphone<\/h4>\n<p>Utilizza l\u2019app mobile di Altamira per la creazione rapida delle tue note spese. Puoi aggiungere il giustificativo alla nota fotografandolo con la camera dello smartphone e inviare la richiesta di rimborso in tempo reale, senza temere di smarrire scontrini e fatture. Gestire le richieste \u00e8 altrettanto facile: il manager, l\u2019amministratore o il responsabile HR vengono informati da una notifica e possono approvare o rifiutare con un click.<\/p>\n<p class=\"blue_text\"><a title=\"App note spese\" href=\"https:\/\/www.altamirahrm.com\/it\/software\/software-gestione-note-spese\/app-nota-spese\">Vai alla sezione dedicata alla app<\/a><\/p>\n<\/div>\n<div class=\"inner_content2 right_sect3\">\n<h4>Migliora l\u2019esperienza per i dipendenti<\/h4>\n<p class=\"content-text\">Anticipare le spese di una trasferta \u00e8 gi\u00e0 un onere rilevante per un dipendente. Con il nostro software per le note spese semplifichi e velocizzi l&#8217;intero processo di rimborso, migliorando l\u2019esperienza del personale. L\u2019impegno per il dipendente \u00e8 minimo: molte informazioni sono gi\u00e0 precompilate dal sistema, che calcola il rimborso dovuto in base alla policy aziendale.<\/p>\n<\/div>\n<\/div>\n<\/div>\n<\/div>\n<\/div>\n<p><!-----------------------------caratteristiche end----------------------------><br \/><!-----------------------------Case studiesouter--------------------------------><\/p>\n<div class=\"subscribe-common-section richiedi_subito\">\n<div class=\"container\">\n<div class=\"row\">\n<div class=\"col-xs-12 col-sm-12 mb-5 text-center\">\n<h3 class=\"lg-title\">Richiedi subito una prova gratuita!<\/h3>\n<\/div>\n<div class=\"col-xs-12 col-sm-12 mt-4 right-subscribe-form text-center\">\n<div class=\"request-demo-btn-new\">[content_block id=53160]<\/div>\n<\/div>\n<\/div>\n<\/div>\n<\/div>\n<p><!-----------------------------Case studiesouter--------------------------------><br \/><!-----------------------------Case studiesouter--------------------------------><\/p>\n<div class=\"case-studiesOuter\">\n<div class=\"case-studies-img\"><img decoding=\"async\" src=\"\/\/www.altamirahrm.com\/wp-content\/uploads\/2021\/08\/Altamira-Recruiting-Desktop-banner-image.jpg\" alt=\"software employee management\" width=\"100%\" height=\"100%\" \/><\/div>\n<div class=\"container\">\n<div class=\"banner-text\">\n<h2>Grazie al nostro software<br \/>per le note spese&#8230;<\/h2>\n<\/div>\n<\/div>\n<\/div>\n<p><!-----------------------------Other Information--------------------------------><\/p>\n<div class=\"richiedi_Information\">\n<div class=\"container\">\n<div class=\"row\">\n<div class=\"col-xs-12 col-sm-6\">\n<div class=\"Information_box\">\n<div class=\"icon-with-title\">\n<div class=\"icon-col\"><img loading=\"lazy\" decoding=\"async\" src=\"\/\/www.altamirahrm.com\/wp-content\/uploads\/2021\/08\/Vector-Smart-Object.png\" alt=\"workflow\" width=\"30\" height=\"40\" \/><\/div>\n<h4 class=\"icon-title\">Stabilisci il flusso di approvazione pi\u00f9 efficiente<\/h4>\n<\/div>\n<p class=\"content-text\">Grazie alle possibilit\u00e0 di configurazione dei workflow Altamira puoi disegnare scenari approvativi semplici e articolati, ricreando i processi della tua azienda. Puoi impostare un livello doppio di approvazione, delegare l\u2019attivit\u00e0 ai manager o far interfacciare i dipendenti direttamente con l\u2019amministrazione e l\u2019ufficio risorse umane. Puoi, inoltre, prevedere l\u2019invio di notifiche personalizzate e l\u2019integrazione con altri gestionali aziendali.<\/p>\n<\/div>\n<\/div>\n<div class=\"col-xs-12 col-sm-6\">\n<div class=\"Information_box\">\n<div class=\"icon-with-title\">\n<div class=\"icon-col\"><img loading=\"lazy\" decoding=\"async\" src=\"https:\/\/www.altamirahrm.com\/wp-content\/uploads\/2023\/06\/icona_spesa.png\" alt=\"icona spesa\" width=\"40\" height=\"40\" \/><\/div>\n<h4 class=\"icon-title\">Processa ogni tipo di spesa<\/h4>\n<\/div>\n<p class=\"content-text\">Il nostro software per le note spese aziendali consente ai dipendenti di inserire ogni tipo di spesa sostenuta in trasferta, utilizzando la lista di causali personalizzata per ciascuna azienda. La maschera di creazione della spesa varia a seconda della tipologia: per richiedere un rimborso chilometrico, per esempio, \u00e8 necessario specificare l\u2019itinerario percorso.<\/p>\n<\/div>\n<\/div>\n<div class=\"col-xs-12 col-sm-6\">\n<div class=\"Information_box\">\n<div class=\"icon-with-title\">\n<div class=\"icon-col\"><img decoding=\"async\" src=\"\/\/www.altamirahrm.com\/wp-content\/uploads\/2021\/08\/interactivity-icon-1.png\" alt=\"firma\" \/><\/div>\n<h4 class=\"icon-title\">Applica automaticamente la policy aziendale<\/h4>\n<\/div>\n<p class=\"content-text\">Utilizzi un regime di rimborso analitico, forfettario o misto? Nessun problema! Puoi ricreare la tua policy aziendale su Altamira Note Spese e il sistema la applicher\u00e0 alle richieste dei dipendenti. In questo modo il software imporr\u00e0 automaticamente, per esempio, il tetto massimo stabilito a una richiesta di rimborso che supera la cifra prevista dalla policy aziendale per quella tipologia.<\/p>\n<\/div>\n<\/div>\n<div class=\"col-xs-12 col-sm-6\">\n<div class=\"Information_box\">\n<div class=\"icon-with-title\">\n<div class=\"icon-col\"><img loading=\"lazy\" decoding=\"async\" src=\"\/\/www.altamirahrm.com\/wp-content\/uploads\/2021\/08\/scissors.png\" alt=\"scissors\" width=\"30\" height=\"40\" \/><\/div>\n<h4 class=\"icon-title\">Tieni sotto controllo le spese aziendali<\/h4>\n<\/div>\n<p class=\"content-text\">Gestire le note spese con un software moderno vuol dire anche poter analizzare tutti i dati archiviati, ottenendo insight preziosi sulle spese di viaggio effettuate dai dipendenti e sui costi per l\u2019azienda. Una ricca libreria di report permette di analizzare la situazione secondo diversi parametri: business unit, commessa, cliente, tipologia di spesa, centro di costo ecc. Ogni azienda pu\u00f2, inoltre, creare i report di cui ha bisogno.<\/p>\n<\/div>\n<\/div>\n<div class=\"col-xs-12 col-sm-6\">\n<div class=\"Information_box\">\n<div class=\"icon-with-title\">\n<div class=\"icon-col\"><img decoding=\"async\" src=\"https:\/\/www.altamirahrm.com\/wp-content\/uploads\/2023\/06\/icona_veicolo.png\" alt=\"icona veicolo\" \/><\/div>\n<h4 class=\"icon-title\">Traccia i veicoli aziendali<\/h4>\n<\/div>\n<p class=\"content-text\">Il nostro software di gestione delle note spese comprende anche un database dei veicoli aziendali. Le vetture sono assegnate ai dipendenti e per ciascuna di esse viene stabilito un coefficiente per il rimborso chilometrico. In questo modo la piattaforma calcola automaticamente il rimborso dovuto al dipendente per una trasferta in base all\u2019itinerario indicato in nota spesa.<\/p>\n<\/div>\n<\/div>\n<div class=\"col-xs-12 col-sm-6\">\n<div class=\"Information_box\">\n<div class=\"icon-with-title\">\n<div class=\"icon-col\"><img decoding=\"async\" src=\"https:\/\/www.altamirahrm.com\/wp-content\/uploads\/2023\/06\/icona_valuta.png\" alt=\"icona valuta\" \/><\/div>\n<h4 class=\"icon-title\">Gestisci aziende, valute e lingue multiple<\/h4>\n<\/div>\n<p class=\"content-text\">Con la nostra soluzione software per la gestione delle note spese puoi amministrare i rimborsi in pi\u00f9 valute e per gruppi di aziende. La piattaforma, inoltre, \u00e8 perfettamente tradotta in 5 lingue (italiano, inglese, francese, tedesco e spagnolo) e pu\u00f2 essere localizzata in altre 14, permettendoti di gestire una forza lavoro globale.<\/p>\n<\/div>\n<\/div>\n<div class=\"col-xs-12 col-sm-6\">\n<div class=\"Information_box\">\n<div class=\"icon-with-title\">\n<div class=\"icon-col\"><img decoding=\"async\" src=\"\/\/www.altamirahrm.com\/wp-content\/uploads\/2021\/08\/space-rocket-launch.png\" alt=\"suite completa\" \/><\/div>\n<h4 class=\"icon-title\">Completalo con la suite HR di Altamira<\/h4>\n<\/div>\n<p class=\"content-text\">Digitalizzare le note spese del personale \u00e8 solo il primo passo verso una gestione moderna delle Risorse Umane. Implementa altri prodotti della nostra suite e godrai di un\u2019unica piattaforma con la quale gestire e sviluppare ogni aspetto del tuo capitale umano. Traccia le presenze e le assenze, archivia i documenti dei dipendenti, organizza i corsi di formazione e i percorsi di valutazione e fai selezione da un\u2019unica interfaccia.<\/p>\n<\/div>\n<\/div>\n<div class=\"col-xs-12 col-sm-6\">\n<div class=\"Information_box\">\n<div class=\"icon-with-title\">\n<div class=\"icon-col\"><img loading=\"lazy\" decoding=\"async\" src=\"\/\/www.altamirahrm.com\/wp-content\/uploads\/2021\/08\/chat-icon.png\" alt=\"chat-icon\" width=\"30\" height=\"40\" \/><\/div>\n<h4 class=\"icon-title\">Crea un ecosistema integrato grazie alla API Altamira<\/h4>\n<\/div>\n<p class=\"content-text\">Crediamo che la gestione HR sia parte integrante del business aziendale, per questo abbiamo creato una piattaforma pronta a integrarsi agli applicativi che utilizzi. Grazie alla nostra API (Application Programming Interface) i tuoi programmatori possono realizzare sofisticati interscambi di dati, dandoti totale controllo su informazioni e processi. Come la piattaforma, anche l\u2019API \u00e8 personalizzabile sulle tue esigenze.\u2003<\/p>\n<\/div>\n<\/div>\n<\/div>\n<\/div>\n<p><!-----------------------------Other Information End--------------------------------><\/p>\n<\/div>\n<p><!-----------------------------Middle Section end----------------------------><\/p>\n<p><!-----------------------------Process HR Section ----------------------------><\/p>\n<div class=\"section-common-block processes-faster bg-white\">\n<div class=\"container\">\n<div class=\"price-bottom-content sm-title text-uppercase text-center\">Completa le funzionalit\u00e0 del nostro <span class=\"blue_text\">software per note spese<\/span> <br \/>con gli altri moduli della suite Altamira HRM<\/div>\n<div class=\"row\">\n<div class=\"col-xs-12 col-sm-6 left-mac-text-section\">\n<div class=\"Information_box\">\n<div class=\"icon-with-title\">\n<div class=\"product_icon\"><a href=\"\/\/www.altamirahrm.com\/it\/software\/recruiting-software\"><br \/><span class=\" icon-common\" style=\"background-color: #34bbc6;\" title=\"Altamira Recruiting icona prodotto\"><br \/><img decoding=\"async\" src=\"\/\/www.altamirahrm.com\/wp-content\/uploads\/2021\/08\/altamira-employee-icon.png?x18617\" \/><br \/><\/span><br \/><\/a><\/div>\n<p class=\"blue_text\"><a title=\"Altamira Recruiting\" href=\"\/\/www.altamirahrm.com\/it\/software\/recruiting-software\">Migliora l\u2019employer branding e assumi i <br \/>talenti migliori con Altamira Recruiting<\/a><\/p>\n<\/div>\n<\/div>\n<div class=\"Information_box\">\n<div class=\"icon-with-title\">\n<div class=\"product_icon\"><a href=\"\/\/www.altamirahrm.com\/it\/software\/software-di-gestione-delle-risorse-umane\"><br \/><span class=\" icon-common\" style=\"background-color: #24b3ed;\" title=\"Altamira Employees icona prodotto\"><br \/><img decoding=\"async\" src=\"\/\/www.altamirahrm.com\/wp-content\/uploads\/2021\/08\/group-user-icon.png?x18617\" \/><br \/><\/span><br \/><\/a><\/div>\n<p class=\"blue_text\"><a title=\"Altamira Employees\" href=\"\/\/www.altamirahrm.com\/it\/software\/software-di-gestione-delle-risorse-umane\">Gestisci informazioni, documenti e processi <br \/>dei dipendenti con Altamira Employees <\/a><\/p>\n<\/div>\n<\/div>\n<div class=\"Information_box\">\n<div class=\"icon-with-title\">\n<div class=\"product_icon\"><a href=\"\/\/www.altamirahrm.com\/it\/software\/software-di-gestione-della-formazione\"><br \/><span class=\" icon-common\" style=\"background-color: #847af2;\" title=\"Altamira Learning icona prodotto\"><br \/><img decoding=\"async\" src=\"\/\/www.altamirahrm.com\/wp-content\/uploads\/2021\/08\/computer-learning.png?x18617\" \/><br \/><\/span><br \/><\/a><\/div>\n<p class=\"blue_text\"><a title=\"Altamira Learning\" href=\"\/\/www.altamirahrm.com\/it\/software\/software-di-gestione-della-formazione\">Sviluppa piani di upskilling e reskilling con <br \/>Altamira Learning, migliorando le competenze <br \/>dei collaboratori<\/a><\/p>\n<\/div>\n<\/div>\n<div class=\"Information_box\">\n<div class=\"icon-with-title\">\n<div class=\"product_icon\"><a href=\"\/\/www.altamirahrm.com\/it\/software\/software-di-valutazione-del-personale\"><br \/><span class=\"icon-common\" style=\"background-color: #f8484b;\" title=\"Altamira Performance icona prodotto\"><br \/><img decoding=\"async\" src=\"\/\/www.altamirahrm.com\/wp-content\/uploads\/2021\/08\/timer.png?x18617\" \/><br \/><\/span><br \/><\/a><\/div>\n<p class=\"blue_text\"><a title=\"Career Site\" href=\"\/\/www.altamirahrm.com\/it\/software\/software-di-valutazione-del-personale\">Riconosci e premia il merito con un sistema <br \/>digitale di valutazione del personale<\/a><\/p>\n<\/div>\n<\/div>\n<div class=\"Information_box\">\n<div class=\"icon-with-title\">\n<div class=\"product_icon\"><a href=\"\/\/www.altamirahrm.com\/it\/software\/software-di-gestione-ferie-permessi\"><br \/><span class=\"icon-common\" style=\"background-color: #cb3bcd;\" title=\"Altamira Ferie e Permessi icona prodotto\"><br \/><img decoding=\"async\" src=\"\/\/www.altamirahrm.com\/wp-content\/uploads\/2021\/08\/calendar-check.png?x18617\" \/><br \/><\/span><br \/><\/a><\/div>\n<p class=\"blue_text\"><a title=\"Career Site\" href=\"\/\/www.altamirahrm.com\/it\/software\/software-di-gestione-ferie-permessi\">Organizza il piano ferie e velocizza <br \/>l\u2019approvazione delle assenze con Altamira <br \/>Ferie e Permessi<\/a><\/p>\n<\/div>\n<\/div>\n<div class=\"Information_box\">\n<div class=\"icon-with-title\">\n<div class=\"product_icon\"><a href=\"\/\/www.altamirahrm.com\/it\/software\/software-di-rilevazione-presenze\"><br \/><span class=\"icon-common\" style=\"background-color: #78dd85;\" title=\"Altamira Presenze icona prodotto\"><br \/><img decoding=\"async\" src=\"\/\/www.altamirahrm.com\/wp-content\/uploads\/2021\/08\/attendence-white-icon.png?x18617\" \/><br \/><\/span><br \/><\/a><\/div>\n<p class=\"blue_text\"><a title=\"Career Site\" href=\"\/\/www.altamirahrm.com\/it\/software\/software-di-rilevazione-presenze\">Gestisci orari e turni di lavoro, timbrature <br \/>e straordinari con Altamira Presenze<\/a><\/p>\n<\/div>\n<\/div>\n<\/div>\n<div class=\"col-xs-12 col-sm-6 right-mac-image-section d-flex align-items-center\">\n<div class=\"inner_content3\">\n<div class=\"image_col\"><img loading=\"lazy\" decoding=\"async\" src=\"https:\/\/www.altamirahrm.com\/wp-content\/uploads\/2022\/04\/Altamira_HRM.png\" alt=\"HR processes\" width=\"800\" height=\"536\" \/><\/div>\n<div class=\"head text-center\">\n<h4 class=\"lg-title\">Processi HR <br \/>pi\u00f9 rapidi e accurati!<\/h4>\n<div class=\"free-demo-btn\"><a class=\"common-btn\" title=\"Demo gratuita\" href=\"https:\/\/www.altamirahrm.com\/it\/demo-gratuita-altamira\">Richiedi una demo!<\/a><\/div>\n<p class=\"blue_text\"><a title=\"personali\" href=\"https:\/\/www.altamirahrm.com\/it\/privacy\">Leggi l\u2019informativa sul trattamento dei dati personali<\/a><\/p>\n<\/div>\n<\/div>\n<\/div>\n<\/div>\n<\/div>\n<\/div>\n<\/div>\n\n\n<p><\/p>\n","protected":false},"excerpt":{"rendered":"<p>Altamira Note Spese Il software in cloud che facilita la gestione delle note spese e migliora l&#8217;esperienza dei dipendenti [content_block id=53160] Perch\u00e9 scegliere Altamira Note Spese \u201cAltamira Note Spese \u00e8 un software in cloud nato per semplificare e velocizzare un processo tipicamente noioso, lento e impegnativo. Grazie alla app nativa, \u00e8 un\u2019ottima soluzione per le [&hellip;]<\/p>\n","protected":false},"author":45,"featured_media":0,"parent":58353,"menu_order":204,"comment_status":"closed","ping_status":"closed","template":"template-software.php","meta":{"_acf_changed":false,"footnotes":""},"class_list":["post-56694","page","type-page","status-publish","hentry"],"acf":[],"_links":{"self":[{"href":"https:\/\/www.altamirahrm.com\/it\/wp-json\/wp\/v2\/pages\/56694","targetHints":{"allow":["GET"]}}],"collection":[{"href":"https:\/\/www.altamirahrm.com\/it\/wp-json\/wp\/v2\/pages"}],"about":[{"href":"https:\/\/www.altamirahrm.com\/it\/wp-json\/wp\/v2\/types\/page"}],"author":[{"embeddable":true,"href":"https:\/\/www.altamirahrm.com\/it\/wp-json\/wp\/v2\/users\/45"}],"replies":[{"embeddable":true,"href":"https:\/\/www.altamirahrm.com\/it\/wp-json\/wp\/v2\/comments?post=56694"}],"version-history":[{"count":8,"href":"https:\/\/www.altamirahrm.com\/it\/wp-json\/wp\/v2\/pages\/56694\/revisions"}],"predecessor-version":[{"id":62892,"href":"https:\/\/www.altamirahrm.com\/it\/wp-json\/wp\/v2\/pages\/56694\/revisions\/62892"}],"up":[{"embeddable":true,"href":"https:\/\/www.altamirahrm.com\/it\/wp-json\/wp\/v2\/pages\/58353"}],"wp:attachment":[{"href":"https:\/\/www.altamirahrm.com\/it\/wp-json\/wp\/v2\/media?parent=56694"}],"curies":[{"name":"wp","href":"https:\/\/api.w.org\/{rel}","templated":true}]}}