{"id":57312,"date":"2025-10-09T10:07:00","date_gmt":"2025-10-09T10:07:00","guid":{"rendered":"https:\/\/growme.it\/altamira\/clienti\/brivio-vigano"},"modified":"2025-12-02T08:28:13","modified_gmt":"2025-12-02T08:28:13","slug":"brivio-vigano","status":"publish","type":"page","link":"https:\/\/www.altamirahrm.com\/it\/clienti\/brivio-vigano","title":{"rendered":"Brivio &#038; Vigan\u00f2"},"content":{"rendered":"\n<div id=\"sk-block-block_904c05eae1dc9d359681d2c0f85f1b59\" class=\"wp-block-sk-review\">\n    <div class=\"wp-block-sk-review__wrapper\">\n        <div class=\"wp-block-sk-review__avatar\">\n                            \n    <div class=\"wp-block-sk-review__media\">\n        <img class=\"sk-media__image covered\" loading=\"lazy\" decoding=\"async\" src=\"https:\/\/www.altamirahrm.com\/wp-content\/uploads\/2025\/11\/Marco-Cremascoli.png\" alt=\"Marco-Cremascoli\" \/>\n    <\/div>                    <\/div>\n        <div class=\"wp-block-sk-review__data\">\n            <div class=\"wp-block-sk-review__text\">\n                \u201cIn Altamira Recruiting abbiamo trovato il giusto bilanciamento tra capacit\u00e0 di customizzazione e usabilit\u00e0, che rende lo strumento molto efficiente e di facile utilizzo per ogni tipologia di utente.\u201d\r\n            <\/div>\n            <div class=\"wp-block-sk-review__author\">\n                <span class=\"wp-block-sk-review__author-name\">\n                    Marco Cremascoli                <\/span>\n                <span class=\"wp-block-sk-review__author-role\">\n                    Responsabile Organizzazione e Sviluppo                <\/span>\n            <\/div>\n        <\/div>\n    <\/div>\n<\/div>\n\n\n\n<p><strong>Brivio &amp; Vigan\u00f2<\/strong>&nbsp;\u00e8 un\u2019azienda italiana con oltre quarant\u2019anni di storia, nata dall\u2019iniziativa di Luigi Brivio e Giovanni Vigan\u00f2.<\/p>\n\n\n\n<p>Partita come piccola realt\u00e0 nel settore dei trasporti per la grande distribuzione, con due soli automezzi a disposizione, oggi Brivio &amp; Vigan\u00f2 \u00e8 un\u2019impresa che opera sul territorio nazionale e in Spagna, con 4 aree di servizio e&nbsp;<strong>oltre 2000 dipendenti<\/strong>.<\/p>\n\n\n\n<p>La filosofia che ha guidato l\u2019azienda in tutto il suo percorso di crescita si riassume nel principio \u201cil cliente deve avere fiducia\u201d. Aziende di svariati settori (GDO, Horeca, Food ecc.) contano infatti sulla grande&nbsp;<strong>affidabilit\u00e0&nbsp;<\/strong>garantita da Brivio &amp; Vigan\u00f2 per operazioni di trasporto, logistica, eCommerce e servizi integrati.<\/p>\n\n\n\n<p><strong>Marco Cremascoli<\/strong>\u00a0\u00e8 entrato in Brivio &amp; Vigan\u00f2 nel 2017 dopo anni di lavoro in multinazionali e societ\u00e0 di consulenza nell\u2019area selezione, sviluppo e organizzazione. In Brivio &amp; Vigan\u00f2 gli \u00e8 stato affidato il compito di costruire da zero l\u2019area\u00a0<strong>Organizzazione e Sviluppo<\/strong>\u00a0coordinando le attivit\u00e0 di recruiting e selezione, organizzazione e sviluppo organizzativo, valutazione e sviluppo HR, formazione, rewarding, comunicazione interna, employer branding e digitalizzazione HR.<\/p>\n\n\n\n<h2 class=\"wp-block-heading\">La Sfida<\/h2>\n\n\n\n<p>Al momento dell\u2019ingresso di Marco in azienda, l\u2019area di ricerca e selezione non era ancora strutturata. La sua prima missione \u00e8 stata quindi quella di darle forma e sostanza, costruendo processi e procedure e sviluppando il team.<\/p>\n\n\n\n<p>Una volta conclusa questa fase,&nbsp;<strong>l\u2019area di recruiting \u00e8 stata la prima a essere coinvolta in un processo di digitalizzazione<\/strong>, volto a migliorarne l\u2019efficienza. Il team di selezionatori doveva infatti essere in grado di accompagnare e guidare la rapida crescita aziendale.<\/p>\n\n\n\n<p>Brivio &amp; Vigan\u00f2 ha quindi avviato una lunga&nbsp;<strong>software selection<\/strong>, passando al vaglio numerosi fornitori di tutte le tipologie.<\/p>\n\n\n\n<p>Avendo gi\u00e0 strutturato i propri processi su numerosi fogli Excel, la sfida era trovare un software per il recruiting con capacit\u00e0 di customizzazione importanti, che li sapesse trasferire in un ambiente digitale pi\u00f9 automatizzato.<\/p>\n\n\n\n<h2 class=\"wp-block-heading\">La Soluzione<\/h2>\n\n\n\n<p>La scelta \u00e8 ricaduta su Altamira per la sua capacit\u00e0 di bilanciare alla perfezione due caratteristiche fondamentali:<\/p>\n\n\n\n<ul class=\"wp-block-list\">\n<li>Da un lato l\u2019<strong>ampia possibilit\u00e0 di personalizzazione<\/strong>\u00a0della piattaforma sulle proprie esigenze, un\u2019operazione che i pi\u00f9 esperti svolgono anche in autonomia.<\/li>\n\n\n\n<li>Dall\u2019altro una\u00a0<strong>grande usabilit\u00e0<\/strong>, che rende il software di facile utilizzo anche per chi \u00e8 esperto di recruiting ma non ha competenze informatiche.<\/li>\n<\/ul>\n\n\n\n<blockquote class=\"wp-block-quote is-layout-flow wp-block-quote-is-layout-flow\">\n<p>\u201cVisto il nostro contesto di evoluzione continua, abbiamo trovato molto utile anche la possibilit\u00e0 di poter interfacciare i dati di Altamira con i tanti software esterni che utilizziamo (per esempio Power BI). I nostri colleghi dell\u2019IT, che ci hanno supportato in queste operazioni, hanno apprezzato la capacit\u00e0 di integrazione ed esportazione dell\u2019ATS: un altro punto di forza molto interessante.\u201d<\/p>\n<\/blockquote>\n\n\n\n<h2 class=\"wp-block-heading\">I Vantaggi<\/h2>\n\n\n\n<p>L\u2019adozione di un software per il recruiting ha portato un sensibile miglioramento nelle attivit\u00e0 di ricerca e selezione.<\/p>\n\n\n\n<p><strong>A beneficiarne \u00e8 stata in primis l\u2019attivit\u00e0 operativa<\/strong>. Mentre Excel richiedeva la gestione manuale di tutte le fasi di selezione, il workflow digitale di Altamira ha permesso di&nbsp;<strong>automatizzare molte operazioni<\/strong>, ottimizzando il tempo e l\u2019impegno dedicato e dando la possibilit\u00e0 al team di recruiter di gestire pi\u00f9 selezioni nello stesso periodo.<\/p>\n\n\n\n<blockquote class=\"wp-block-quote is-layout-flow wp-block-quote-is-layout-flow\">\n<p>\u201cNel nostro caso il vantaggio \u00e8 stato doppio, dato che oltre ad aver configurato un workflow per il processo di selezione ne abbiamo impostato un secondo per gestire la richiesta di apertura di nuove posizioni, mettendo ordine anche in questo flusso.\u201d<\/p>\n<\/blockquote>\n\n\n\n<p>I workflow hanno inoltre permesso di coinvolgere nel processo di selezione anche approvatori e utenti esterni, che potendo agire in autonomia hanno sgravato il team di recruiting di una parte del lavoro.<\/p>\n\n\n\n<p>L\u2019ATS ha anche il vantaggio di fornire&nbsp;<strong>un unico database<\/strong>&nbsp;in cui vengono salvati non solo i dati dei candidati, ma anche lo storico delle interazioni avute con loro. Tutto ci\u00f2 ha velocizzato le operazioni di ricerca e portato una maggiore integrazione con altre aree e sistemi aziendali.<\/p>\n\n\n\n<p>Molto apprezzata \u00e8 anche la capacit\u00e0 del sistema di replicare gli annunci di lavoro sui principali portali di ricerca in maniera automatica, permettendo all\u2019azienda di adottare una strategia di&nbsp;<strong>employer branding<\/strong>&nbsp;pi\u00f9 diffusa e strutturata. Anche in questo caso lo stesso processo, svolto manualmente, richiedeva tempi e fatica notevolmente superiori.<\/p>\n\n\n\n<p>Con il supporto di Altamira Recruiting, oggi l\u2019ufficio selezione di Brivio &amp; Vigan\u00f2 riesce a gestire con successo circa&nbsp;<strong>300 selezioni e 15.000-20.000 CV l\u2019anno<\/strong>.<\/p>\n\n\n\n<p>Soddisfatta del progetto di digitalizzazione del recruiting, l\u2019azienda sta gi\u00e0 lavorando all\u2019efficientamento di altre aree di gestione HR, come le performance, l\u2019MBO e gli analytics.<\/p>\n\n\n\n<h2 class=\"wp-block-heading\">L\u2019Assistenza<\/h2>\n\n\n\n<p>La capacit\u00e0 di un fornitore tecnologico di venire incontro ai dubbi e ai problemi dei clienti nella fase successiva alla configurazione della piattaforma \u00e8 un elemento cruciale nella riuscita di un progetto di HR Digital Transformation.<\/p>\n\n\n\n<p>Anche in questo caso Marco si \u00e8 detto&nbsp;<strong>soddisfatto&nbsp;<\/strong>della sua esperienza con Altamira.<\/p>\n\n\n\n<blockquote class=\"wp-block-quote is-layout-flow wp-block-quote-is-layout-flow\">\n<p>\u201cC\u2019\u00e8 un portale di guide molto completo che ci permette di risolvere la maggior parte dei dubbi mettendo mano in autonomia alla piattaforma e personalizzando. Nei casi in cui ci \u00e8 capitato di contattare l\u2019assistenza l\u2019interazione \u00e8 sempre stata molto veloce e hanno risposto in modo esaustivo alle nostre esigenze.\u201d<\/p>\n<\/blockquote>\n","protected":false},"excerpt":{"rendered":"<p>Brivio &amp; Vigan\u00f2&nbsp;\u00e8 un\u2019azienda italiana con oltre quarant\u2019anni di storia, nata dall\u2019iniziativa di Luigi Brivio e Giovanni Vigan\u00f2. Partita come piccola realt\u00e0 nel settore dei trasporti per la grande distribuzione, con due soli automezzi a disposizione, oggi Brivio &amp; Vigan\u00f2 \u00e8 un\u2019impresa che opera sul territorio nazionale e in Spagna, con 4 aree di servizio [&hellip;]<\/p>\n","protected":false},"author":45,"featured_media":0,"parent":25547,"menu_order":53,"comment_status":"closed","ping_status":"closed","template":"template-case-studies-child.php","meta":{"_acf_changed":false,"footnotes":""},"class_list":["post-57312","page","type-page","status-publish","hentry"],"acf":[],"_links":{"self":[{"href":"https:\/\/www.altamirahrm.com\/it\/wp-json\/wp\/v2\/pages\/57312","targetHints":{"allow":["GET"]}}],"collection":[{"href":"https:\/\/www.altamirahrm.com\/it\/wp-json\/wp\/v2\/pages"}],"about":[{"href":"https:\/\/www.altamirahrm.com\/it\/wp-json\/wp\/v2\/types\/page"}],"author":[{"embeddable":true,"href":"https:\/\/www.altamirahrm.com\/it\/wp-json\/wp\/v2\/users\/45"}],"replies":[{"embeddable":true,"href":"https:\/\/www.altamirahrm.com\/it\/wp-json\/wp\/v2\/comments?post=57312"}],"version-history":[{"count":0,"href":"https:\/\/www.altamirahrm.com\/it\/wp-json\/wp\/v2\/pages\/57312\/revisions"}],"up":[{"embeddable":true,"href":"https:\/\/www.altamirahrm.com\/it\/wp-json\/wp\/v2\/pages\/25547"}],"wp:attachment":[{"href":"https:\/\/www.altamirahrm.com\/it\/wp-json\/wp\/v2\/media?parent=57312"}],"curies":[{"name":"wp","href":"https:\/\/api.w.org\/{rel}","templated":true}]}}