{"id":57321,"date":"2025-10-09T10:12:22","date_gmt":"2025-10-09T10:12:22","guid":{"rendered":"https:\/\/growme.it\/altamira\/clienti\/galli-cassina"},"modified":"2025-12-02T08:34:02","modified_gmt":"2025-12-02T08:34:02","slug":"galli-cassina","status":"publish","type":"page","link":"https:\/\/www.altamirahrm.com\/it\/clienti\/galli-cassina","title":{"rendered":"Galli &#038; Cassina"},"content":{"rendered":"\n<div id=\"sk-block-block_b93f342bf6287b12e7882ed2355482aa\" class=\"wp-block-sk-review\">\n    <div class=\"wp-block-sk-review__wrapper\">\n        <div class=\"wp-block-sk-review__avatar\">\n                            \n    <div class=\"wp-block-sk-review__media\">\n        <img class=\"sk-media__image covered\" loading=\"lazy\" decoding=\"async\" src=\"https:\/\/www.altamirahrm.com\/wp-content\/uploads\/2025\/11\/Andrea_Rotundo.png\" alt=\"Andrea_Rotundo\" \/>\n    <\/div>                    <\/div>\n        <div class=\"wp-block-sk-review__data\">\n            <div class=\"wp-block-sk-review__text\">\n                \u201cLa capacit\u00e0 di Altamira di essere cos\u00ec adattabile e malleabile \u00e8 stata fondamentale nel permetterci di personalizzare la piattaforma di performance management. Ci ha aiutato a conseguire il risultato perfetto che ci aspettavamo.\u201d            <\/div>\n            <div class=\"wp-block-sk-review__author\">\n                <span class=\"wp-block-sk-review__author-name\">\n                    Andrea Rotundo                <\/span>\n                <span class=\"wp-block-sk-review__author-role\">\n                    IT &amp; Infrastructure Manager                <\/span>\n            <\/div>\n        <\/div>\n    <\/div>\n<\/div>\n\n\n\n<p><strong>Galli &amp; Cassina<\/strong>&nbsp;\u00e8 un\u2019azienda lombarda che produce valvole industriali per il comparto Oil &amp; Gas.<\/p>\n\n\n\n<p>Realt\u00e0 storica fondata nel lontano 1919, \u00e8 molto conosciuta nel settore sia in Italia che all\u2019estero. La sua attivit\u00e0 si svolge infatti su numerosi mercati internazionali. Possiede inoltre branch office in America, India e Cina.<\/p>\n\n\n\n<p>Con i suoi otto stabilimenti e un ricco know how interno segue l\u2019intera filiera produttiva della valvola a partire dalla parte ingegneristica.<\/p>\n\n\n\n<p><strong>Andrea Rotundo<\/strong>&nbsp;\u00e8 l\u2019IT &amp; Infrastructure manager dell\u2019azienda, una figura introdotta negli ultimi anni per portare avanti un progetto di digital transformation su tutti i processi aziendali, al fine di migliorarne qualit\u00e0 ed efficienza.<\/p>\n\n\n\n<p>Entrato in Galli &amp; Cassina nel 2019, si prende cura del comparto IT sia a livello infrastrutturale che di progetto.<\/p>\n\n\n\n<h2 class=\"wp-block-heading\">La Sfida<\/h2>\n\n\n\n<p>Anche un\u2019azienda in forte crescita come Galli &amp; Cassina sentiva l\u2019esigenza di migliorare processi e prestazioni.<\/p>\n\n\n\n<p>In particolare, si volevano sfruttare i KPI di ogni dipartimento come leva per un miglioramento costante delle performance. Questo richiedeva&nbsp;<strong>l\u2019introduzione di un software per la misurazione delle prestazioni dei dipendenti<\/strong>&nbsp;e quindi dell\u2019idea che un dipendente potesse essere valutato ed eventualmente premiato in base a obiettivi posti ogni anno.<\/p>\n\n\n\n<p>Il progetto, seguito da Andrea Rotundo e dall\u2019ufficio HR, voleva coinvolgere in prima battuta i 50 operai in organico, considerati il cuore pulsante dell\u2019azienda. Questa scelta presentava per\u00f2 due ulteriori sfide:<\/p>\n\n\n\n<ul class=\"wp-block-list\">\n<li>Una ridotta diffusione di competenze digitali tra il personale.<\/li>\n\n\n\n<li>Il fatto che i dipendenti del comparto produttivo non disponessero di un computer personale.<\/li>\n<\/ul>\n\n\n\n<h2 class=\"wp-block-heading\">La Scelta<\/h2>\n\n\n\n<p>Per ottenere le migliori chance di successo, Andrea ha portato avanti la ricerca di un partner per la digitalizzazione delle performance che fosse in grado di fornire non solo una soluzione tecnologica adeguata, ma anche un supporto costante nella fase di pre e post-vendita.<\/p>\n\n\n\n<p>La software selection \u00e8 stata snella e rapida in quanto \u00e8 stato subito chiaro che Altamira avrebbe rappresentato un ottimo partner per il progetto.<\/p>\n\n\n\n<p>Il suo software per la valutazione dei dipendenti \u2013\u00a0<a href=\"https:\/\/www.altamirahrm.com\/it\/software\/software-di-valutazione-del-personale\">Altamira Performance<\/a>\u00a0\u2013 \u00e8 stato infatti giudicato molto facile da utilizzare anche per utenti poco esperti e i modelli preconfigurati sono stati di grande ispirazione nella definizione del processo definitivo.<\/p>\n\n\n\n<p><strong>La soluzione proposta da Altamira presentava anche ulteriori vantaggi:<\/strong><\/p>\n\n\n\n<ul class=\"wp-block-list\">\n<li>Il software Altamira Performance \u00e8 acquistabile separatamente a un prezzo contenuto, con la possibilit\u00e0 di acquisire gli altri moduli della suite in un secondo momento per gestire tutti i processi HR su Altamira.<\/li>\n\n\n\n<li>Il software \u00e8 in cloud e fruibile da browser e non richiede quindi l\u2019installazione locale. Questa modalit\u00e0 di erogazione aumenta la flessibilit\u00e0, riduce i tempi e i costi ed elimina i problemi di natura infrastrutturale.<\/li>\n\n\n\n<li>Sia le valutazioni dei responsabili che le autovalutazioni dei dipendenti possono essere effettuate in pochi minuti.<\/li>\n<\/ul>\n\n\n\n<blockquote class=\"wp-block-quote is-layout-flow wp-block-quote-is-layout-flow\">\n<p>\u201cAltamira ci ha dato un prodotto che qualsiasi utente \u00e8 in grado di navigare facilmente e dei modelli di valutazione preconfigurati da cui trarre ispirazione per rifinire il nostro processo interno.\u201d<\/p>\n<\/blockquote>\n\n\n\n<h2 class=\"wp-block-heading\">Difficolt\u00e0 e Soluzioni<\/h2>\n\n\n\n<p>Avviare per la prima volta un processo di performance management in azienda \u00e8 sempre complesso.<\/p>\n\n\n\n<p>Esiste una naturale resistenza al cambiamento (a maggior ragione in un\u2019azienda con oltre un secolo di storia) e una forte diffidenza verso un sistema che a prima vista pu\u00f2 essere percepito come un ulteriore organismo di controllo.<\/p>\n\n\n\n<p>Per vincere questa resistenza&nbsp;<strong>la propriet\u00e0, l\u2019ufficio HR e l\u2019IT hanno svolto un profondo lavoro culturale per rassicurare l\u2019organico sulle finalit\u00e0 e i vantaggi di tale sistema<\/strong>&nbsp;e sulla trasparenza del processo.<\/p>\n\n\n\n<p>L\u2019azienda ha inoltre cercato di ridurre il pi\u00f9 possibile lo sforzo richiesto per eseguire il processo.<\/p>\n\n\n\n<p>Grazie alla natura cloud e fortemente responsive della piattaforma Altamira, Andrea ha potuto escogitare una soluzione molto efficiente. Ha infatti organizzato due postazioni full touch \u2013 simili a chioschi \u2013 dedicate esclusivamente a questo processo dalle quali i dipendenti hanno potuto, a turno, effettuare la propria autovalutazione.<\/p>\n\n\n\n<p>Una soluzione perfetta per una forza lavoro che non dispone di un proprio computer e che ha maggiore familiarit\u00e0 con dispositivi touch come gli smartphone di quanta ne abbia con un computer.<\/p>\n\n\n\n<h2 class=\"wp-block-heading\">Configurazione e Assistenza<\/h2>\n\n\n\n<p>Andrea si \u00e8 detto piacevolmente stupito di aver trovato in Altamira personale cos\u00ec giovane e altamente competente.<\/p>\n\n\n\n<p>A partire dalla referente commerciale, che ha seguito e segue l\u2019intera evoluzione del progetto e rimane sempre il punto di riferimento per l\u2019azienda.<\/p>\n\n\n\n<p>Durante tutto il processo di configurazione iniziale della piattaforma Andrea e lo staff HR di Galli &amp; Cassina sono inoltre stati affiancati da un project manager e un consulente applicativo di Altamira.<\/p>\n\n\n\n<p>Proprio il supporto puntuale di un esperto di prodotto, che dava direttive precise per il completamento di ogni step, \u00e8 stato visto come una forte garanzia di successo del progetto.<\/p>\n\n\n\n<p>Nella fase preliminare ogni richiesta di cambiamenti e correzioni ha avuto tempi di esecuzione molto rapidi e sempre inferiori ai due giorni,&nbsp;<strong>uno SLA pienamente soddisfacente<\/strong>.<\/p>\n\n\n\n<p>Il sistema di assistenza post go-live \u00e8 risultato altrettanto efficiente e flessibile, con una rapida risoluzione di tutti i ticket creati.<\/p>\n\n\n\n<blockquote class=\"wp-block-quote is-layout-flow wp-block-quote-is-layout-flow\">\n<p>\u201cMeglio di cos\u00ec era impossibile ottenere.\u201d<\/p>\n<\/blockquote>\n","protected":false},"excerpt":{"rendered":"<p>Galli &amp; Cassina&nbsp;\u00e8 un\u2019azienda lombarda che produce valvole industriali per il comparto Oil &amp; Gas. Realt\u00e0 storica fondata nel lontano 1919, \u00e8 molto conosciuta nel settore sia in Italia che all\u2019estero. La sua attivit\u00e0 si svolge infatti su numerosi mercati internazionali. Possiede inoltre branch office in America, India e Cina. Con i suoi otto stabilimenti [&hellip;]<\/p>\n","protected":false},"author":45,"featured_media":0,"parent":25547,"menu_order":58,"comment_status":"closed","ping_status":"closed","template":"template-case-studies-child.php","meta":{"_acf_changed":false,"footnotes":""},"class_list":["post-57321","page","type-page","status-publish","hentry"],"acf":[],"_links":{"self":[{"href":"https:\/\/www.altamirahrm.com\/it\/wp-json\/wp\/v2\/pages\/57321","targetHints":{"allow":["GET"]}}],"collection":[{"href":"https:\/\/www.altamirahrm.com\/it\/wp-json\/wp\/v2\/pages"}],"about":[{"href":"https:\/\/www.altamirahrm.com\/it\/wp-json\/wp\/v2\/types\/page"}],"author":[{"embeddable":true,"href":"https:\/\/www.altamirahrm.com\/it\/wp-json\/wp\/v2\/users\/45"}],"replies":[{"embeddable":true,"href":"https:\/\/www.altamirahrm.com\/it\/wp-json\/wp\/v2\/comments?post=57321"}],"version-history":[{"count":0,"href":"https:\/\/www.altamirahrm.com\/it\/wp-json\/wp\/v2\/pages\/57321\/revisions"}],"up":[{"embeddable":true,"href":"https:\/\/www.altamirahrm.com\/it\/wp-json\/wp\/v2\/pages\/25547"}],"wp:attachment":[{"href":"https:\/\/www.altamirahrm.com\/it\/wp-json\/wp\/v2\/media?parent=57321"}],"curies":[{"name":"wp","href":"https:\/\/api.w.org\/{rel}","templated":true}]}}